{"id":2467,"date":"2025-08-05T10:39:25","date_gmt":"2025-08-05T08:39:25","guid":{"rendered":"https:\/\/fayegastronomiecaraibes.com\/celebration\/"},"modified":"2025-11-26T11:28:29","modified_gmt":"2025-11-26T10:28:29","slug":"celebration","status":"publish","type":"page","link":"https:\/\/fayegastronomiecaraibes.com\/fr\/catering-services\/celebration\/","title":{"rendered":"Celebration"},"content":{"rendered":"","protected":false},"excerpt":{"rendered":"","protected":false},"author":2,"featured_media":2469,"parent":2487,"menu_order":0,"comment_status":"closed","ping_status":"closed","template":"","meta":{"_acf_changed":false,"_seopress_robots_primary_cat":"","_seopress_titles_title":"Catering Celebration %%sep%% %%sitetitle%%","_seopress_titles_desc":"Offrez \u00e0 vos proches une c\u00e9l\u00e9bration \u00e9l\u00e9gante et m\u00e9morable avec Faye Gastronomie Cara\u00efbes. Un service d\u2019exception \u00e0 domicile.","_seopress_robots_index":"","footnotes":""},"class_list":["post-2467","page","type-page","status-publish","has-post-thumbnail"],"acf":[],"_links":{"self":[{"href":"https:\/\/fayegastronomiecaraibes.com\/fr\/wp-json\/wp\/v2\/pages\/2467","targetHints":{"allow":["GET"]}}],"collection":[{"href":"https:\/\/fayegastronomiecaraibes.com\/fr\/wp-json\/wp\/v2\/pages"}],"about":[{"href":"https:\/\/fayegastronomiecaraibes.com\/fr\/wp-json\/wp\/v2\/types\/page"}],"author":[{"embeddable":true,"href":"https:\/\/fayegastronomiecaraibes.com\/fr\/wp-json\/wp\/v2\/users\/2"}],"replies":[{"embeddable":true,"href":"https:\/\/fayegastronomiecaraibes.com\/fr\/wp-json\/wp\/v2\/comments?post=2467"}],"version-history":[{"count":0,"href":"https:\/\/fayegastronomiecaraibes.com\/fr\/wp-json\/wp\/v2\/pages\/2467\/revisions"}],"up":[{"embeddable":true,"href":"https:\/\/fayegastronomiecaraibes.com\/fr\/wp-json\/wp\/v2\/pages\/2487"}],"wp:featuredmedia":[{"embeddable":true,"href":"https:\/\/fayegastronomiecaraibes.com\/fr\/wp-json\/wp\/v2\/media\/2469"}],"wp:attachment":[{"href":"https:\/\/fayegastronomiecaraibes.com\/fr\/wp-json\/wp\/v2\/media?parent=2467"}],"curies":[{"name":"wp","href":"https:\/\/api.w.org\/{rel}","templated":true}]}}