{"id":2470,"date":"2019-04-18T15:31:51","date_gmt":"2019-04-18T13:31:51","guid":{"rendered":"https:\/\/fayegastronomiecaraibes.com\/accueil\/"},"modified":"2025-11-26T11:26:57","modified_gmt":"2025-11-26T10:26:57","slug":"accueil","status":"publish","type":"page","link":"https:\/\/fayegastronomiecaraibes.com\/fr\/","title":{"rendered":"Accueil"},"content":{"rendered":"","protected":false},"excerpt":{"rendered":"","protected":false},"author":2,"featured_media":0,"parent":0,"menu_order":0,"comment_status":"closed","ping_status":"closed","template":"","meta":{"_acf_changed":false,"_seopress_robots_primary_cat":"","_seopress_titles_title":"%%post_title%% %%sep%% %%sitetitle%%","_seopress_titles_desc":"Faye Gastronomie Cara\u00efbes est un \u00e9tablissement de renom o\u00f9 l\u2019excellence dans l\u2019art de vivre est de mise dans tous les services propos\u00e9s.","_seopress_robots_index":"","footnotes":""},"class_list":["post-2470","page","type-page","status-publish"],"acf":[],"_links":{"self":[{"href":"https:\/\/fayegastronomiecaraibes.com\/fr\/wp-json\/wp\/v2\/pages\/2470","targetHints":{"allow":["GET"]}}],"collection":[{"href":"https:\/\/fayegastronomiecaraibes.com\/fr\/wp-json\/wp\/v2\/pages"}],"about":[{"href":"https:\/\/fayegastronomiecaraibes.com\/fr\/wp-json\/wp\/v2\/types\/page"}],"author":[{"embeddable":true,"href":"https:\/\/fayegastronomiecaraibes.com\/fr\/wp-json\/wp\/v2\/users\/2"}],"replies":[{"embeddable":true,"href":"https:\/\/fayegastronomiecaraibes.com\/fr\/wp-json\/wp\/v2\/comments?post=2470"}],"version-history":[{"count":0,"href":"https:\/\/fayegastronomiecaraibes.com\/fr\/wp-json\/wp\/v2\/pages\/2470\/revisions"}],"wp:attachment":[{"href":"https:\/\/fayegastronomiecaraibes.com\/fr\/wp-json\/wp\/v2\/media?parent=2470"}],"curies":[{"name":"wp","href":"https:\/\/api.w.org\/{rel}","templated":true}]}}