{"id":2471,"date":"2025-07-22T10:57:12","date_gmt":"2025-07-22T08:57:12","guid":{"rendered":"https:\/\/fayegastronomiecaraibes.com\/boutique\/"},"modified":"2025-11-26T11:27:46","modified_gmt":"2025-11-26T10:27:46","slug":"boutique","status":"publish","type":"page","link":"https:\/\/fayegastronomiecaraibes.com\/fr\/boutique\/","title":{"rendered":"Boutique"},"content":{"rendered":"","protected":false},"excerpt":{"rendered":"","protected":false},"author":2,"featured_media":0,"parent":0,"menu_order":0,"comment_status":"closed","ping_status":"closed","template":"","meta":{"_acf_changed":false,"_seopress_robots_primary_cat":"","_seopress_titles_title":"%%post_title%% %%sep%% %%sitetitle%%","_seopress_titles_desc":"P\u00e9n\u00e9trez dans la boutique Faye Gastronomie Cara\u00efbes \u00e0 Sainte-Lucie : une s\u00e9lection rare de mets, vins et ingr\u00e9dients nobles, pour un moment d\u2019exception.","_seopress_robots_index":"","footnotes":""},"class_list":["post-2471","page","type-page","status-publish"],"acf":[],"_links":{"self":[{"href":"https:\/\/fayegastronomiecaraibes.com\/fr\/wp-json\/wp\/v2\/pages\/2471","targetHints":{"allow":["GET"]}}],"collection":[{"href":"https:\/\/fayegastronomiecaraibes.com\/fr\/wp-json\/wp\/v2\/pages"}],"about":[{"href":"https:\/\/fayegastronomiecaraibes.com\/fr\/wp-json\/wp\/v2\/types\/page"}],"author":[{"embeddable":true,"href":"https:\/\/fayegastronomiecaraibes.com\/fr\/wp-json\/wp\/v2\/users\/2"}],"replies":[{"embeddable":true,"href":"https:\/\/fayegastronomiecaraibes.com\/fr\/wp-json\/wp\/v2\/comments?post=2471"}],"version-history":[{"count":0,"href":"https:\/\/fayegastronomiecaraibes.com\/fr\/wp-json\/wp\/v2\/pages\/2471\/revisions"}],"wp:attachment":[{"href":"https:\/\/fayegastronomiecaraibes.com\/fr\/wp-json\/wp\/v2\/media?parent=2471"}],"curies":[{"name":"wp","href":"https:\/\/api.w.org\/{rel}","templated":true}]}}