{"id":2474,"date":"2025-08-05T10:11:29","date_gmt":"2025-08-05T08:11:29","guid":{"rendered":"https:\/\/fayegastronomiecaraibes.com\/boutique\/market-place\/"},"modified":"2025-11-26T11:27:32","modified_gmt":"2025-11-26T10:27:32","slug":"market-place","status":"publish","type":"page","link":"https:\/\/fayegastronomiecaraibes.com\/fr\/boutique\/market-place\/","title":{"rendered":"Market place"},"content":{"rendered":"","protected":false},"excerpt":{"rendered":"","protected":false},"author":2,"featured_media":2476,"parent":2471,"menu_order":0,"comment_status":"closed","ping_status":"closed","template":"","meta":{"_acf_changed":false,"_seopress_robots_primary_cat":"","_seopress_titles_title":"%%post_title%% %%sep%% %%sitetitle%%","_seopress_titles_desc":"Chaque samedi \u00e0 Vieux-Fort, vivez l\u2019exp\u00e9rience d\u2019un march\u00e9 d\u2019exception, entre produits frais, d\u00e9gustations et art de vivre \u00e0 la fran\u00e7aise.","_seopress_robots_index":"","footnotes":""},"class_list":["post-2474","page","type-page","status-publish","has-post-thumbnail"],"acf":[],"_links":{"self":[{"href":"https:\/\/fayegastronomiecaraibes.com\/fr\/wp-json\/wp\/v2\/pages\/2474","targetHints":{"allow":["GET"]}}],"collection":[{"href":"https:\/\/fayegastronomiecaraibes.com\/fr\/wp-json\/wp\/v2\/pages"}],"about":[{"href":"https:\/\/fayegastronomiecaraibes.com\/fr\/wp-json\/wp\/v2\/types\/page"}],"author":[{"embeddable":true,"href":"https:\/\/fayegastronomiecaraibes.com\/fr\/wp-json\/wp\/v2\/users\/2"}],"replies":[{"embeddable":true,"href":"https:\/\/fayegastronomiecaraibes.com\/fr\/wp-json\/wp\/v2\/comments?post=2474"}],"version-history":[{"count":0,"href":"https:\/\/fayegastronomiecaraibes.com\/fr\/wp-json\/wp\/v2\/pages\/2474\/revisions"}],"up":[{"embeddable":true,"href":"https:\/\/fayegastronomiecaraibes.com\/fr\/wp-json\/wp\/v2\/pages\/2471"}],"wp:featuredmedia":[{"embeddable":true,"href":"https:\/\/fayegastronomiecaraibes.com\/fr\/wp-json\/wp\/v2\/media\/2476"}],"wp:attachment":[{"href":"https:\/\/fayegastronomiecaraibes.com\/fr\/wp-json\/wp\/v2\/media?parent=2474"}],"curies":[{"name":"wp","href":"https:\/\/api.w.org\/{rel}","templated":true}]}}