{"id":2477,"date":"2025-08-05T13:37:43","date_gmt":"2025-08-05T11:37:43","guid":{"rendered":"https:\/\/fayegastronomiecaraibes.com\/approvisionnement-restaurant\/"},"modified":"2025-11-26T11:23:16","modified_gmt":"2025-11-26T10:23:16","slug":"approvisionnement-restaurant","status":"publish","type":"page","link":"https:\/\/fayegastronomiecaraibes.com\/fr\/approvisionnement-restaurant\/","title":{"rendered":"Approvisionnement restaurant"},"content":{"rendered":"","protected":false},"excerpt":{"rendered":"","protected":false},"author":2,"featured_media":0,"parent":0,"menu_order":0,"comment_status":"closed","ping_status":"closed","template":"","meta":{"_acf_changed":false,"_seopress_robots_primary_cat":"","_seopress_titles_title":"%%post_title%% %%sep%% %%sitetitle%%","_seopress_titles_desc":"Produits frais, nobles et r\u00e9guliers pour les restaurants de Sainte-Lucie. Faye Gastronomie Cara\u00efbes s\u00e9curise l\u2019approvisionnement de votre restaurant.","_seopress_robots_index":"","footnotes":""},"class_list":["post-2477","page","type-page","status-publish"],"acf":[],"_links":{"self":[{"href":"https:\/\/fayegastronomiecaraibes.com\/fr\/wp-json\/wp\/v2\/pages\/2477","targetHints":{"allow":["GET"]}}],"collection":[{"href":"https:\/\/fayegastronomiecaraibes.com\/fr\/wp-json\/wp\/v2\/pages"}],"about":[{"href":"https:\/\/fayegastronomiecaraibes.com\/fr\/wp-json\/wp\/v2\/types\/page"}],"author":[{"embeddable":true,"href":"https:\/\/fayegastronomiecaraibes.com\/fr\/wp-json\/wp\/v2\/users\/2"}],"replies":[{"embeddable":true,"href":"https:\/\/fayegastronomiecaraibes.com\/fr\/wp-json\/wp\/v2\/comments?post=2477"}],"version-history":[{"count":0,"href":"https:\/\/fayegastronomiecaraibes.com\/fr\/wp-json\/wp\/v2\/pages\/2477\/revisions"}],"wp:attachment":[{"href":"https:\/\/fayegastronomiecaraibes.com\/fr\/wp-json\/wp\/v2\/media?parent=2477"}],"curies":[{"name":"wp","href":"https:\/\/api.w.org\/{rel}","templated":true}]}}