{"id":2478,"date":"2025-08-05T10:41:56","date_gmt":"2025-08-05T08:41:56","guid":{"rendered":"https:\/\/fayegastronomiecaraibes.com\/famille\/"},"modified":"2025-11-26T11:24:32","modified_gmt":"2025-11-26T10:24:32","slug":"famille","status":"publish","type":"page","link":"https:\/\/fayegastronomiecaraibes.com\/fr\/catering-services\/famille\/","title":{"rendered":"Famille"},"content":{"rendered":"","protected":false},"excerpt":{"rendered":"","protected":false},"author":2,"featured_media":2481,"parent":2487,"menu_order":0,"comment_status":"closed","ping_status":"closed","template":"","meta":{"_acf_changed":false,"_seopress_robots_primary_cat":"","_seopress_titles_title":"Repas de famille \u00e0 domicile %%sep%% %%sitetitle%%","_seopress_titles_desc":"Offrez-vous le luxe d\u2019un repas familial orchestr\u00e9 par Faye Gastronomie Cara\u00efbes, avec service sur-mesure, cuisine raffin\u00e9e et produits d\u2019exception.","_seopress_robots_index":"","footnotes":""},"class_list":["post-2478","page","type-page","status-publish","has-post-thumbnail"],"acf":[],"_links":{"self":[{"href":"https:\/\/fayegastronomiecaraibes.com\/fr\/wp-json\/wp\/v2\/pages\/2478","targetHints":{"allow":["GET"]}}],"collection":[{"href":"https:\/\/fayegastronomiecaraibes.com\/fr\/wp-json\/wp\/v2\/pages"}],"about":[{"href":"https:\/\/fayegastronomiecaraibes.com\/fr\/wp-json\/wp\/v2\/types\/page"}],"author":[{"embeddable":true,"href":"https:\/\/fayegastronomiecaraibes.com\/fr\/wp-json\/wp\/v2\/users\/2"}],"replies":[{"embeddable":true,"href":"https:\/\/fayegastronomiecaraibes.com\/fr\/wp-json\/wp\/v2\/comments?post=2478"}],"version-history":[{"count":0,"href":"https:\/\/fayegastronomiecaraibes.com\/fr\/wp-json\/wp\/v2\/pages\/2478\/revisions"}],"up":[{"embeddable":true,"href":"https:\/\/fayegastronomiecaraibes.com\/fr\/wp-json\/wp\/v2\/pages\/2487"}],"wp:featuredmedia":[{"embeddable":true,"href":"https:\/\/fayegastronomiecaraibes.com\/fr\/wp-json\/wp\/v2\/media\/2481"}],"wp:attachment":[{"href":"https:\/\/fayegastronomiecaraibes.com\/fr\/wp-json\/wp\/v2\/media?parent=2478"}],"curies":[{"name":"wp","href":"https:\/\/api.w.org\/{rel}","templated":true}]}}