{"id":2484,"date":"2025-08-05T10:45:24","date_gmt":"2025-08-05T08:45:24","guid":{"rendered":"https:\/\/fayegastronomiecaraibes.com\/mariage\/"},"modified":"2025-11-26T11:24:27","modified_gmt":"2025-11-26T10:24:27","slug":"mariage","status":"publish","type":"page","link":"https:\/\/fayegastronomiecaraibes.com\/fr\/catering-services\/mariage\/","title":{"rendered":"Mariage"},"content":{"rendered":"","protected":false},"excerpt":{"rendered":"","protected":false},"author":2,"featured_media":2486,"parent":2487,"menu_order":0,"comment_status":"closed","ping_status":"closed","template":"","meta":{"_acf_changed":false,"_seopress_robots_primary_cat":"","_seopress_titles_title":"Catering Mariage %%sep%% %%sitetitle%%","_seopress_titles_desc":"Pour votre mariage, Faye Gastronomie Cara\u00efbes vous propose un service de r\u00e9ception sur mesure, raffin\u00e9, \u00e9l\u00e9gant et inoubliable, \u00e0 domicile ou sur lieu priv\u00e9.","_seopress_robots_index":"","footnotes":""},"class_list":["post-2484","page","type-page","status-publish","has-post-thumbnail"],"acf":[],"_links":{"self":[{"href":"https:\/\/fayegastronomiecaraibes.com\/fr\/wp-json\/wp\/v2\/pages\/2484","targetHints":{"allow":["GET"]}}],"collection":[{"href":"https:\/\/fayegastronomiecaraibes.com\/fr\/wp-json\/wp\/v2\/pages"}],"about":[{"href":"https:\/\/fayegastronomiecaraibes.com\/fr\/wp-json\/wp\/v2\/types\/page"}],"author":[{"embeddable":true,"href":"https:\/\/fayegastronomiecaraibes.com\/fr\/wp-json\/wp\/v2\/users\/2"}],"replies":[{"embeddable":true,"href":"https:\/\/fayegastronomiecaraibes.com\/fr\/wp-json\/wp\/v2\/comments?post=2484"}],"version-history":[{"count":0,"href":"https:\/\/fayegastronomiecaraibes.com\/fr\/wp-json\/wp\/v2\/pages\/2484\/revisions"}],"up":[{"embeddable":true,"href":"https:\/\/fayegastronomiecaraibes.com\/fr\/wp-json\/wp\/v2\/pages\/2487"}],"wp:featuredmedia":[{"embeddable":true,"href":"https:\/\/fayegastronomiecaraibes.com\/fr\/wp-json\/wp\/v2\/media\/2486"}],"wp:attachment":[{"href":"https:\/\/fayegastronomiecaraibes.com\/fr\/wp-json\/wp\/v2\/media?parent=2484"}],"curies":[{"name":"wp","href":"https:\/\/api.w.org\/{rel}","templated":true}]}}