{"id":2487,"date":"2025-07-22T10:57:26","date_gmt":"2025-07-22T08:57:26","guid":{"rendered":"https:\/\/fayegastronomiecaraibes.com\/catering-services\/"},"modified":"2025-11-26T11:28:21","modified_gmt":"2025-11-26T10:28:21","slug":"catering-services","status":"publish","type":"page","link":"https:\/\/fayegastronomiecaraibes.com\/fr\/catering-services\/","title":{"rendered":"Catering"},"content":{"rendered":"","protected":false},"excerpt":{"rendered":"","protected":false},"author":2,"featured_media":2488,"parent":0,"menu_order":0,"comment_status":"closed","ping_status":"closed","template":"","meta":{"_acf_changed":false,"_seopress_robots_primary_cat":"","_seopress_titles_title":"Catering - service d'exception %%sep%% %%sitetitle%%","_seopress_titles_desc":"Offrez \u00e0 vos convives une r\u00e9ception sur mesure avec le service haut de gamme Faye Gastronomie Cara\u00efbes. Mariage, banquet, c\u00e9l\u00e9bration ou \u00e9v\u00e9nement professionnel","_seopress_robots_index":"","footnotes":""},"class_list":["post-2487","page","type-page","status-publish","has-post-thumbnail"],"acf":[],"_links":{"self":[{"href":"https:\/\/fayegastronomiecaraibes.com\/fr\/wp-json\/wp\/v2\/pages\/2487","targetHints":{"allow":["GET"]}}],"collection":[{"href":"https:\/\/fayegastronomiecaraibes.com\/fr\/wp-json\/wp\/v2\/pages"}],"about":[{"href":"https:\/\/fayegastronomiecaraibes.com\/fr\/wp-json\/wp\/v2\/types\/page"}],"author":[{"embeddable":true,"href":"https:\/\/fayegastronomiecaraibes.com\/fr\/wp-json\/wp\/v2\/users\/2"}],"replies":[{"embeddable":true,"href":"https:\/\/fayegastronomiecaraibes.com\/fr\/wp-json\/wp\/v2\/comments?post=2487"}],"version-history":[{"count":0,"href":"https:\/\/fayegastronomiecaraibes.com\/fr\/wp-json\/wp\/v2\/pages\/2487\/revisions"}],"wp:featuredmedia":[{"embeddable":true,"href":"https:\/\/fayegastronomiecaraibes.com\/fr\/wp-json\/wp\/v2\/media\/2488"}],"wp:attachment":[{"href":"https:\/\/fayegastronomiecaraibes.com\/fr\/wp-json\/wp\/v2\/media?parent=2487"}],"curies":[{"name":"wp","href":"https:\/\/api.w.org\/{rel}","templated":true}]}}