{"id":2489,"date":"2019-05-20T13:08:19","date_gmt":"2019-05-20T11:08:19","guid":{"rendered":"https:\/\/fayegastronomiecaraibes.com\/contact\/"},"modified":"2025-11-26T11:24:16","modified_gmt":"2025-11-26T10:24:16","slug":"contact","status":"publish","type":"page","link":"https:\/\/fayegastronomiecaraibes.com\/fr\/contact\/","title":{"rendered":"Contact"},"content":{"rendered":"","protected":false},"excerpt":{"rendered":"","protected":false},"author":2,"featured_media":0,"parent":0,"menu_order":0,"comment_status":"closed","ping_status":"closed","template":"","meta":{"_acf_changed":false,"_seopress_robots_primary_cat":"","_seopress_titles_title":"%%post_title%% %%sep%% %%sitetitle%%","_seopress_titles_desc":"Pour toute demande d\u2019informations, ou pour nous faire part de votre projet d'\u00e9v\u00e9nement, contactez notre \u00e9quipe.","_seopress_robots_index":"","footnotes":""},"class_list":["post-2489","page","type-page","status-publish"],"acf":[],"_links":{"self":[{"href":"https:\/\/fayegastronomiecaraibes.com\/fr\/wp-json\/wp\/v2\/pages\/2489","targetHints":{"allow":["GET"]}}],"collection":[{"href":"https:\/\/fayegastronomiecaraibes.com\/fr\/wp-json\/wp\/v2\/pages"}],"about":[{"href":"https:\/\/fayegastronomiecaraibes.com\/fr\/wp-json\/wp\/v2\/types\/page"}],"author":[{"embeddable":true,"href":"https:\/\/fayegastronomiecaraibes.com\/fr\/wp-json\/wp\/v2\/users\/2"}],"replies":[{"embeddable":true,"href":"https:\/\/fayegastronomiecaraibes.com\/fr\/wp-json\/wp\/v2\/comments?post=2489"}],"version-history":[{"count":0,"href":"https:\/\/fayegastronomiecaraibes.com\/fr\/wp-json\/wp\/v2\/pages\/2489\/revisions"}],"wp:attachment":[{"href":"https:\/\/fayegastronomiecaraibes.com\/fr\/wp-json\/wp\/v2\/media?parent=2489"}],"curies":[{"name":"wp","href":"https:\/\/api.w.org\/{rel}","templated":true}]}}