{"id":2490,"date":"2025-08-05T13:30:23","date_gmt":"2025-08-05T11:30:23","guid":{"rendered":"https:\/\/fayegastronomiecaraibes.com\/fournitures-restaurants\/"},"modified":"2025-11-26T11:26:34","modified_gmt":"2025-11-26T10:26:34","slug":"fournitures-restaurants","status":"publish","type":"page","link":"https:\/\/fayegastronomiecaraibes.com\/fr\/fournitures-restaurants\/","title":{"rendered":"Fournitures restaurants"},"content":{"rendered":"","protected":false},"excerpt":{"rendered":"","protected":false},"author":2,"featured_media":0,"parent":0,"menu_order":0,"comment_status":"closed","ping_status":"closed","template":"","meta":{"_acf_changed":false,"_seopress_robots_primary_cat":"","_seopress_titles_title":"%%post_title%% %%sep%% %%sitetitle%%","_seopress_titles_desc":"Mat\u00e9riel, produits, arts de la table : Faye Gastronomie Cara\u00efbes livre les restaurants exigeants avec pr\u00e9cision, fiabilit\u00e9 et \u00e9l\u00e9gance. Qualit\u00e9, service, ponctualit\u00e9.","_seopress_robots_index":"","footnotes":""},"class_list":["post-2490","page","type-page","status-publish"],"acf":[],"_links":{"self":[{"href":"https:\/\/fayegastronomiecaraibes.com\/fr\/wp-json\/wp\/v2\/pages\/2490","targetHints":{"allow":["GET"]}}],"collection":[{"href":"https:\/\/fayegastronomiecaraibes.com\/fr\/wp-json\/wp\/v2\/pages"}],"about":[{"href":"https:\/\/fayegastronomiecaraibes.com\/fr\/wp-json\/wp\/v2\/types\/page"}],"author":[{"embeddable":true,"href":"https:\/\/fayegastronomiecaraibes.com\/fr\/wp-json\/wp\/v2\/users\/2"}],"replies":[{"embeddable":true,"href":"https:\/\/fayegastronomiecaraibes.com\/fr\/wp-json\/wp\/v2\/comments?post=2490"}],"version-history":[{"count":0,"href":"https:\/\/fayegastronomiecaraibes.com\/fr\/wp-json\/wp\/v2\/pages\/2490\/revisions"}],"wp:attachment":[{"href":"https:\/\/fayegastronomiecaraibes.com\/fr\/wp-json\/wp\/v2\/media?parent=2490"}],"curies":[{"name":"wp","href":"https:\/\/api.w.org\/{rel}","templated":true}]}}