{"id":2494,"date":"2025-08-05T10:33:14","date_gmt":"2025-08-05T08:33:14","guid":{"rendered":"https:\/\/fayegastronomiecaraibes.com\/catering-services\/banquet\/"},"modified":"2025-11-26T11:24:34","modified_gmt":"2025-11-26T10:24:34","slug":"banquet","status":"publish","type":"page","link":"https:\/\/fayegastronomiecaraibes.com\/fr\/catering-services\/banquet\/","title":{"rendered":"Banquet"},"content":{"rendered":"","protected":false},"excerpt":{"rendered":"","protected":false},"author":2,"featured_media":2488,"parent":2487,"menu_order":0,"comment_status":"closed","ping_status":"closed","template":"","meta":{"_acf_changed":false,"_seopress_robots_primary_cat":"","_seopress_titles_title":"Catering banquet %%sep%% %%sitetitle%%","_seopress_titles_desc":"Car vous m\u00e9ritez d\u2019organiser un banquet d\u2019exception pour vos convives, Faye Gastronomie Cara\u00efbes vous assure une journ\u00e9e m\u00e9morable.","_seopress_robots_index":"","footnotes":""},"class_list":["post-2494","page","type-page","status-publish","has-post-thumbnail"],"acf":[],"_links":{"self":[{"href":"https:\/\/fayegastronomiecaraibes.com\/fr\/wp-json\/wp\/v2\/pages\/2494","targetHints":{"allow":["GET"]}}],"collection":[{"href":"https:\/\/fayegastronomiecaraibes.com\/fr\/wp-json\/wp\/v2\/pages"}],"about":[{"href":"https:\/\/fayegastronomiecaraibes.com\/fr\/wp-json\/wp\/v2\/types\/page"}],"author":[{"embeddable":true,"href":"https:\/\/fayegastronomiecaraibes.com\/fr\/wp-json\/wp\/v2\/users\/2"}],"replies":[{"embeddable":true,"href":"https:\/\/fayegastronomiecaraibes.com\/fr\/wp-json\/wp\/v2\/comments?post=2494"}],"version-history":[{"count":0,"href":"https:\/\/fayegastronomiecaraibes.com\/fr\/wp-json\/wp\/v2\/pages\/2494\/revisions"}],"up":[{"embeddable":true,"href":"https:\/\/fayegastronomiecaraibes.com\/fr\/wp-json\/wp\/v2\/pages\/2487"}],"wp:featuredmedia":[{"embeddable":true,"href":"https:\/\/fayegastronomiecaraibes.com\/fr\/wp-json\/wp\/v2\/media\/2488"}],"wp:attachment":[{"href":"https:\/\/fayegastronomiecaraibes.com\/fr\/wp-json\/wp\/v2\/media?parent=2494"}],"curies":[{"name":"wp","href":"https:\/\/api.w.org\/{rel}","templated":true}]}}