{"id":2503,"date":"2025-08-05T14:11:18","date_gmt":"2025-08-05T12:11:18","guid":{"rendered":"https:\/\/fayegastronomiecaraibes.com\/import-aliments\/"},"modified":"2025-11-26T11:28:25","modified_gmt":"2025-11-26T10:28:25","slug":"import-aliments","status":"publish","type":"page","link":"https:\/\/fayegastronomiecaraibes.com\/fr\/import-aliments\/","title":{"rendered":"Import aliments"},"content":{"rendered":"","protected":false},"excerpt":{"rendered":"","protected":false},"author":2,"featured_media":0,"parent":0,"menu_order":0,"comment_status":"closed","ping_status":"closed","template":"","meta":{"_acf_changed":false,"_seopress_robots_primary_cat":"","_seopress_titles_title":"%%post_title%% %%sep%% %%sitetitle%%","_seopress_titles_desc":"Import de produits alimentaires rares, frais ou d\u2019exception. Faye Gastronomie Cara\u00efbes s\u00e9curise votre sourcing international, avec r\u00e9gularit\u00e9, qualit\u00e9 et tra\u00e7abilit\u00e9.","_seopress_robots_index":"","footnotes":""},"class_list":["post-2503","page","type-page","status-publish"],"acf":[],"_links":{"self":[{"href":"https:\/\/fayegastronomiecaraibes.com\/fr\/wp-json\/wp\/v2\/pages\/2503","targetHints":{"allow":["GET"]}}],"collection":[{"href":"https:\/\/fayegastronomiecaraibes.com\/fr\/wp-json\/wp\/v2\/pages"}],"about":[{"href":"https:\/\/fayegastronomiecaraibes.com\/fr\/wp-json\/wp\/v2\/types\/page"}],"author":[{"embeddable":true,"href":"https:\/\/fayegastronomiecaraibes.com\/fr\/wp-json\/wp\/v2\/users\/2"}],"replies":[{"embeddable":true,"href":"https:\/\/fayegastronomiecaraibes.com\/fr\/wp-json\/wp\/v2\/comments?post=2503"}],"version-history":[{"count":0,"href":"https:\/\/fayegastronomiecaraibes.com\/fr\/wp-json\/wp\/v2\/pages\/2503\/revisions"}],"wp:attachment":[{"href":"https:\/\/fayegastronomiecaraibes.com\/fr\/wp-json\/wp\/v2\/media?parent=2503"}],"curies":[{"name":"wp","href":"https:\/\/api.w.org\/{rel}","templated":true}]}}