{"id":2509,"date":"2025-07-29T10:23:58","date_gmt":"2025-07-29T08:23:58","guid":{"rendered":"https:\/\/fayegastronomiecaraibes.com\/grossiste-alimentaire\/"},"modified":"2025-11-26T11:27:15","modified_gmt":"2025-11-26T10:27:15","slug":"grossiste-alimentaire","status":"publish","type":"page","link":"https:\/\/fayegastronomiecaraibes.com\/fr\/professionnels\/grossiste-alimentaire\/","title":{"rendered":"Grossiste alimentaire"},"content":{"rendered":"","protected":false},"excerpt":{"rendered":"","protected":false},"author":2,"featured_media":3132,"parent":2536,"menu_order":0,"comment_status":"closed","ping_status":"closed","template":"","meta":{"_acf_changed":false,"_seopress_robots_primary_cat":"","_seopress_titles_title":"%%post_title%% %%sep%% %%sitetitle%%","_seopress_titles_desc":"Faye Gastronomie Cara\u00efbes est grossiste alimentaire \u00e0 Sainte-Lucie. Partenaire avec le march\u00e9 de Rungis, nous s\u00e9lectionnons et importons des produits d\u2019exception.","_seopress_robots_index":"","footnotes":""},"class_list":["post-2509","page","type-page","status-publish","has-post-thumbnail"],"acf":[],"_links":{"self":[{"href":"https:\/\/fayegastronomiecaraibes.com\/fr\/wp-json\/wp\/v2\/pages\/2509","targetHints":{"allow":["GET"]}}],"collection":[{"href":"https:\/\/fayegastronomiecaraibes.com\/fr\/wp-json\/wp\/v2\/pages"}],"about":[{"href":"https:\/\/fayegastronomiecaraibes.com\/fr\/wp-json\/wp\/v2\/types\/page"}],"author":[{"embeddable":true,"href":"https:\/\/fayegastronomiecaraibes.com\/fr\/wp-json\/wp\/v2\/users\/2"}],"replies":[{"embeddable":true,"href":"https:\/\/fayegastronomiecaraibes.com\/fr\/wp-json\/wp\/v2\/comments?post=2509"}],"version-history":[{"count":0,"href":"https:\/\/fayegastronomiecaraibes.com\/fr\/wp-json\/wp\/v2\/pages\/2509\/revisions"}],"up":[{"embeddable":true,"href":"https:\/\/fayegastronomiecaraibes.com\/fr\/wp-json\/wp\/v2\/pages\/2536"}],"wp:featuredmedia":[{"embeddable":true,"href":"https:\/\/fayegastronomiecaraibes.com\/fr\/wp-json\/wp\/v2\/media\/3132"}],"wp:attachment":[{"href":"https:\/\/fayegastronomiecaraibes.com\/fr\/wp-json\/wp\/v2\/media?parent=2509"}],"curies":[{"name":"wp","href":"https:\/\/api.w.org\/{rel}","templated":true}]}}