{"id":2512,"date":"2025-08-05T11:08:30","date_gmt":"2025-08-05T09:08:30","guid":{"rendered":"https:\/\/fayegastronomiecaraibes.com\/equipements-fournitures-dhotellerie\/"},"modified":"2025-11-26T11:25:25","modified_gmt":"2025-11-26T10:25:25","slug":"equipements-fournitures-dhotellerie","status":"publish","type":"page","link":"https:\/\/fayegastronomiecaraibes.com\/fr\/professionnels\/equipements-fournitures-dhotellerie\/","title":{"rendered":"Equipements &#038; fournitures d\u2019h\u00f4tellerie"},"content":{"rendered":"","protected":false},"excerpt":{"rendered":"","protected":false},"author":2,"featured_media":2513,"parent":2536,"menu_order":0,"comment_status":"closed","ping_status":"closed","template":"","meta":{"_acf_changed":false,"_seopress_robots_primary_cat":"","_seopress_titles_title":"%%post_title%% %%sep%% %%sitetitle%%","_seopress_titles_desc":"Faye Gastronomie Cara\u00efbes \u00e9quipe les \u00e9tablissements exigeants : livraisons fiables de mat\u00e9riels et produits d\u2019exception pour h\u00f4tels et restaurants de prestige.","_seopress_robots_index":"","footnotes":""},"class_list":["post-2512","page","type-page","status-publish","has-post-thumbnail"],"acf":[],"_links":{"self":[{"href":"https:\/\/fayegastronomiecaraibes.com\/fr\/wp-json\/wp\/v2\/pages\/2512","targetHints":{"allow":["GET"]}}],"collection":[{"href":"https:\/\/fayegastronomiecaraibes.com\/fr\/wp-json\/wp\/v2\/pages"}],"about":[{"href":"https:\/\/fayegastronomiecaraibes.com\/fr\/wp-json\/wp\/v2\/types\/page"}],"author":[{"embeddable":true,"href":"https:\/\/fayegastronomiecaraibes.com\/fr\/wp-json\/wp\/v2\/users\/2"}],"replies":[{"embeddable":true,"href":"https:\/\/fayegastronomiecaraibes.com\/fr\/wp-json\/wp\/v2\/comments?post=2512"}],"version-history":[{"count":0,"href":"https:\/\/fayegastronomiecaraibes.com\/fr\/wp-json\/wp\/v2\/pages\/2512\/revisions"}],"up":[{"embeddable":true,"href":"https:\/\/fayegastronomiecaraibes.com\/fr\/wp-json\/wp\/v2\/pages\/2536"}],"wp:featuredmedia":[{"embeddable":true,"href":"https:\/\/fayegastronomiecaraibes.com\/fr\/wp-json\/wp\/v2\/media\/2513"}],"wp:attachment":[{"href":"https:\/\/fayegastronomiecaraibes.com\/fr\/wp-json\/wp\/v2\/media?parent=2512"}],"curies":[{"name":"wp","href":"https:\/\/api.w.org\/{rel}","templated":true}]}}