{"id":2514,"date":"2025-08-05T11:48:48","date_gmt":"2025-08-05T09:48:48","guid":{"rendered":"https:\/\/fayegastronomiecaraibes.com\/evenements-dentreprises\/"},"modified":"2025-11-26T11:25:12","modified_gmt":"2025-11-26T10:25:12","slug":"evenements-dentreprises","status":"publish","type":"page","link":"https:\/\/fayegastronomiecaraibes.com\/fr\/professionnels\/evenements-dentreprises\/","title":{"rendered":"\u00c9v\u00e9nements d\u2019entreprises"},"content":{"rendered":"","protected":false},"excerpt":{"rendered":"","protected":false},"author":2,"featured_media":2516,"parent":2536,"menu_order":0,"comment_status":"closed","ping_status":"closed","template":"","meta":{"_acf_changed":false,"_seopress_robots_primary_cat":"","_seopress_titles_title":"%%post_title%% %%sep%% %%sitetitle%%","_seopress_titles_desc":"S\u00e9minaires, repas d\u2019affaires, soir\u00e9es de gala : Faye Gastronomie Cara\u00efbes orchestre vos \u00e9v\u00e9nements professionnels sur mesure, sur site ou \u00e0 l\u2019ext\u00e9rieur.","_seopress_robots_index":"","footnotes":""},"class_list":["post-2514","page","type-page","status-publish","has-post-thumbnail"],"acf":[],"_links":{"self":[{"href":"https:\/\/fayegastronomiecaraibes.com\/fr\/wp-json\/wp\/v2\/pages\/2514","targetHints":{"allow":["GET"]}}],"collection":[{"href":"https:\/\/fayegastronomiecaraibes.com\/fr\/wp-json\/wp\/v2\/pages"}],"about":[{"href":"https:\/\/fayegastronomiecaraibes.com\/fr\/wp-json\/wp\/v2\/types\/page"}],"author":[{"embeddable":true,"href":"https:\/\/fayegastronomiecaraibes.com\/fr\/wp-json\/wp\/v2\/users\/2"}],"replies":[{"embeddable":true,"href":"https:\/\/fayegastronomiecaraibes.com\/fr\/wp-json\/wp\/v2\/comments?post=2514"}],"version-history":[{"count":0,"href":"https:\/\/fayegastronomiecaraibes.com\/fr\/wp-json\/wp\/v2\/pages\/2514\/revisions"}],"up":[{"embeddable":true,"href":"https:\/\/fayegastronomiecaraibes.com\/fr\/wp-json\/wp\/v2\/pages\/2536"}],"wp:featuredmedia":[{"embeddable":true,"href":"https:\/\/fayegastronomiecaraibes.com\/fr\/wp-json\/wp\/v2\/media\/2516"}],"wp:attachment":[{"href":"https:\/\/fayegastronomiecaraibes.com\/fr\/wp-json\/wp\/v2\/media?parent=2514"}],"curies":[{"name":"wp","href":"https:\/\/api.w.org\/{rel}","templated":true}]}}