{"id":2522,"date":"2025-08-04T14:23:10","date_gmt":"2025-08-04T12:23:10","guid":{"rendered":"https:\/\/fayegastronomiecaraibes.com\/restaurant\/artisan-french-gourmet\/"},"modified":"2025-11-26T11:26:45","modified_gmt":"2025-11-26T10:26:45","slug":"artisan-french-gourmet","status":"publish","type":"page","link":"https:\/\/fayegastronomiecaraibes.com\/fr\/restaurant\/artisan-french-gourmet\/","title":{"rendered":"Artisan French Gourmet"},"content":{"rendered":"","protected":false},"excerpt":{"rendered":"","protected":false},"author":2,"featured_media":2524,"parent":2520,"menu_order":0,"comment_status":"closed","ping_status":"closed","template":"","meta":{"_acf_changed":false,"_seopress_robots_primary_cat":"","_seopress_titles_title":"%%post_title%% %%sep%% %%sitetitle%%","_seopress_titles_desc":"D\u00e9couvrez l\u2019art de vivre \u00e0 la fran\u00e7aise selon Artisan tout en restant \u00e0 Sainte-Lucie avec des chefs de renom, des produits d\u2019exception et une ambiance luxueuse.","_seopress_robots_index":"","footnotes":""},"class_list":["post-2522","page","type-page","status-publish","has-post-thumbnail"],"acf":[],"_links":{"self":[{"href":"https:\/\/fayegastronomiecaraibes.com\/fr\/wp-json\/wp\/v2\/pages\/2522","targetHints":{"allow":["GET"]}}],"collection":[{"href":"https:\/\/fayegastronomiecaraibes.com\/fr\/wp-json\/wp\/v2\/pages"}],"about":[{"href":"https:\/\/fayegastronomiecaraibes.com\/fr\/wp-json\/wp\/v2\/types\/page"}],"author":[{"embeddable":true,"href":"https:\/\/fayegastronomiecaraibes.com\/fr\/wp-json\/wp\/v2\/users\/2"}],"replies":[{"embeddable":true,"href":"https:\/\/fayegastronomiecaraibes.com\/fr\/wp-json\/wp\/v2\/comments?post=2522"}],"version-history":[{"count":0,"href":"https:\/\/fayegastronomiecaraibes.com\/fr\/wp-json\/wp\/v2\/pages\/2522\/revisions"}],"up":[{"embeddable":true,"href":"https:\/\/fayegastronomiecaraibes.com\/fr\/wp-json\/wp\/v2\/pages\/2520"}],"wp:featuredmedia":[{"embeddable":true,"href":"https:\/\/fayegastronomiecaraibes.com\/fr\/wp-json\/wp\/v2\/media\/2524"}],"wp:attachment":[{"href":"https:\/\/fayegastronomiecaraibes.com\/fr\/wp-json\/wp\/v2\/media?parent=2522"}],"curies":[{"name":"wp","href":"https:\/\/api.w.org\/{rel}","templated":true}]}}