{"id":2536,"date":"2025-07-22T10:57:36","date_gmt":"2025-07-22T08:57:36","guid":{"rendered":"https:\/\/fayegastronomiecaraibes.com\/professionnels\/"},"modified":"2025-11-26T11:24:52","modified_gmt":"2025-11-26T10:24:52","slug":"professionnels","status":"publish","type":"page","link":"https:\/\/fayegastronomiecaraibes.com\/fr\/professionnels\/","title":{"rendered":"Professionnels"},"content":{"rendered":"","protected":false},"excerpt":{"rendered":"","protected":false},"author":2,"featured_media":0,"parent":0,"menu_order":0,"comment_status":"closed","ping_status":"closed","template":"","meta":{"_acf_changed":false,"_seopress_robots_primary_cat":"","_seopress_titles_title":"%%post_title%% %%sep%% %%sitetitle%%","_seopress_titles_desc":"D\u00e9couvrez nos diff\u00e9rents services pour les professionnels : grossiste alimentaire, fourniture d'h\u00f4tellerie, \u00e9v\u00e9nements d'entreprises, ...","_seopress_robots_index":"","footnotes":""},"class_list":["post-2536","page","type-page","status-publish"],"acf":[],"_links":{"self":[{"href":"https:\/\/fayegastronomiecaraibes.com\/fr\/wp-json\/wp\/v2\/pages\/2536","targetHints":{"allow":["GET"]}}],"collection":[{"href":"https:\/\/fayegastronomiecaraibes.com\/fr\/wp-json\/wp\/v2\/pages"}],"about":[{"href":"https:\/\/fayegastronomiecaraibes.com\/fr\/wp-json\/wp\/v2\/types\/page"}],"author":[{"embeddable":true,"href":"https:\/\/fayegastronomiecaraibes.com\/fr\/wp-json\/wp\/v2\/users\/2"}],"replies":[{"embeddable":true,"href":"https:\/\/fayegastronomiecaraibes.com\/fr\/wp-json\/wp\/v2\/comments?post=2536"}],"version-history":[{"count":0,"href":"https:\/\/fayegastronomiecaraibes.com\/fr\/wp-json\/wp\/v2\/pages\/2536\/revisions"}],"wp:attachment":[{"href":"https:\/\/fayegastronomiecaraibes.com\/fr\/wp-json\/wp\/v2\/media?parent=2536"}],"curies":[{"name":"wp","href":"https:\/\/api.w.org\/{rel}","templated":true}]}}