{"id":2538,"date":"2025-08-05T14:17:30","date_gmt":"2025-08-05T12:17:30","guid":{"rendered":"https:\/\/fayegastronomiecaraibes.com\/evenements-sur-mesure\/"},"modified":"2025-11-26T11:27:42","modified_gmt":"2025-11-26T10:27:42","slug":"evenements-sur-mesure","status":"publish","type":"page","link":"https:\/\/fayegastronomiecaraibes.com\/fr\/evenements-sur-mesure\/","title":{"rendered":"\u00c9v\u00e9nements sur-mesure"},"content":{"rendered":"","protected":false},"excerpt":{"rendered":"","protected":false},"author":2,"featured_media":0,"parent":0,"menu_order":0,"comment_status":"closed","ping_status":"closed","template":"","meta":{"_acf_changed":false,"_seopress_robots_primary_cat":"","_seopress_titles_title":"%%post_title%% %%sep%% %%sitetitle%%","_seopress_titles_desc":"Faye Gastronomie Cara\u00efbes imagine et orchestre vos \u00e9v\u00e9nements priv\u00e9s et professionnels sur mesure sur l\u2019\u00eele de Sainte-Lucie. Une exp\u00e9rience unique, pens\u00e9e pour vous.","_seopress_robots_index":"","footnotes":""},"class_list":["post-2538","page","type-page","status-publish"],"acf":[],"_links":{"self":[{"href":"https:\/\/fayegastronomiecaraibes.com\/fr\/wp-json\/wp\/v2\/pages\/2538","targetHints":{"allow":["GET"]}}],"collection":[{"href":"https:\/\/fayegastronomiecaraibes.com\/fr\/wp-json\/wp\/v2\/pages"}],"about":[{"href":"https:\/\/fayegastronomiecaraibes.com\/fr\/wp-json\/wp\/v2\/types\/page"}],"author":[{"embeddable":true,"href":"https:\/\/fayegastronomiecaraibes.com\/fr\/wp-json\/wp\/v2\/users\/2"}],"replies":[{"embeddable":true,"href":"https:\/\/fayegastronomiecaraibes.com\/fr\/wp-json\/wp\/v2\/comments?post=2538"}],"version-history":[{"count":0,"href":"https:\/\/fayegastronomiecaraibes.com\/fr\/wp-json\/wp\/v2\/pages\/2538\/revisions"}],"wp:attachment":[{"href":"https:\/\/fayegastronomiecaraibes.com\/fr\/wp-json\/wp\/v2\/media?parent=2538"}],"curies":[{"name":"wp","href":"https:\/\/api.w.org\/{rel}","templated":true}]}}